{"id":46,"date":"2016-04-01T11:39:56","date_gmt":"2016-04-01T11:39:56","guid":{"rendered":"http:\/\/coaching-zum-anfassen.com\/?page_id=46"},"modified":"2016-05-02T19:36:48","modified_gmt":"2016-05-02T19:36:48","slug":"referenzen","status":"publish","type":"page","link":"https:\/\/coaching-zum-anfassen.com\/?page_id=46","title":{"rendered":"Referenzen"},"content":{"rendered":"<p style=\"text-align: justify;\"><strong>Kundenstimmen<\/strong><\/p>\n<p style=\"text-align: justify;\"><span style=\"color: #003366;\">Dipl.-Ing. S. aus A.:<\/span><br \/>\n<span style=\"color: #003366;\"> Frau F\u00fclber gelang es mit Ihrer sympathischen, kompetenten und zielstrebigen Art meinen Horizont zu erweitern, meine Selbstkontrolle zu steigern und auch komplexe Themen einfach darzustellen und auf zu arbeiten. Auch Dritten ist eine positive Ver\u00e4nderung meines Verhaltens aufgefallen, was f\u00fcr mich den Erfolg des Coachings zus\u00e4tzlich verdeutlicht. Schon heute freue ich mich auf die weitere Zusammenarbeit in angenehmer Atmosph\u00e4re.<\/span><\/p>\n<p style=\"text-align: justify;\"><span style=\"color: #003366;\">Michael H., Vertriebs-F\u00fchrungskraft in der Assekuranz<\/span><br \/>\n<span style=\"color: #003366;\"> Frau F\u00fclber gelang es in sehr kurzer Zeit eine vertrauensvolle Atmosph\u00e4re zu schaffen und konnte mich schnell dazu bewegen, auch f\u00fcr mich &#8222;schwierige Themen&#8220; offen zu legen. Dank ihrer hohen Flexibilit\u00e4t und Anpassungsf\u00e4higkeit gelang es ihr in den jeweiligen Prozessen ausgezeichnet (auch bei gro\u00dfen Gedankenspr\u00fcngen meinerseits) die F\u00fchrung des Prozesses zu behalten und mich konsequent zu einer\u00a0(f\u00fcr mich sehr sch\u00f6nen) L\u00f6sung zu f\u00fchren. Die Begegnungen mit ihr sind immer wieder ein Gewinn f\u00fcr mich und so komme ich ihrer Bitte nach einem kurzen Referenzfeedback gerne nach.<br \/>\n<\/span><\/p>\n<p style=\"text-align: justify;\"><span style=\"color: #003366;\">Susanne N., Lehrerin, Stuttgart<\/span><br \/>\n<span style=\"color: #003366;\"> Innerhalb von drei Stunden hat dieses Coaching mein Leben ver\u00e4ndert.<\/span><br \/>\n<span style=\"color: #003366;\"> Sabine F\u00fclber schaffte es durch ihre einf\u00fchlsame Art und kompetente Vorgehensweise meine innere Einstellungen zu \u00e4ndern.\u00a0 Diese helfen\u00a0 mir nun jeden Tag im pers\u00f6nlichen und beruflichem Bereich das zu erreichen, was ich wirklich will.<\/span><\/p>\n<p style=\"text-align: justify;\"><span style=\"color: #003366;\">Martin Zwick, NLP Lehrtrainer, Senior Business Trainer<\/span><br \/>\n<span style=\"color: #003366;\"> Sabine F\u00fclber hat meine NLP-Ausbildung in Stuttgart von Juli bis Dezember als Co-Trainerin begleitet. Ich habe sehr gerne mit ihr zusammen gearbeitet. Sie verf\u00fcgt \u00fcber hervorragendes Fachwissen und hat die Kursteilnehmer bei ihrer Arbeit mit den gelehrten Coaching-Formaten jederzeit sehr gut und mit gro\u00dfem Einf\u00fchlungsverm\u00f6gen unterst\u00fctzt.<\/span><\/p>\n<p style=\"text-align: justify;\"><span style=\"color: #003366;\">Besonders betonen m\u00f6chte ich den absolut positiven Umgang von Sabine mit den R\u00fcckfragen der Teilnehmer, ihre ruhige Art und ihre Sensibilit\u00e4t. Gerne empfehle ich Sabine und w\u00fcnsche Ihr weiterhin eine erfolgreiche Arbeit als Coach.<br \/>\n<\/span><\/p>\n<p style=\"text-align: justify;\"><span style=\"color: #003366;\">Marie Glatz<\/span><br \/>\n<span style=\"color: #003366;\"> Das Coaching war sehr interessant und hilfreich f\u00fcr mich in einer Phase der beruflichen Neuorientierung. Jetzt sehe ich meine beruflichen Ziele viel klarer. Sabine F\u00fclber benutzt eine gute Methodik und schafft somit eine angenehme Arbeitsatmosph\u00e4re. Vielen Dank f\u00fcr deine Hilfe.<\/span><\/p>\n<p style=\"text-align: justify;\"><span style=\"color: #003366;\">Anonym, Teamleiter <\/span><br \/>\n<span style=\"color: #003366;\"> Dieser Text soll in einigen S\u00e4tzen zusammenfassen, wie mich ein Coaching von Sabine F\u00fclber wieder &#8222;auf die Spur&#8220; gebracht hat. Sie hat es in ca. 5 Stunden (2 Termine) geschafft, meine innere Ratlosigkeit und Entt\u00e4uschung in eine Zielstrebigkeit und ein auf ganz konkreten Fakten bauendes Selbstbewu\u00dftsein umzukehren.<\/span><br \/>\n<span style=\"color: #003366;\"> Selbstmitleid und Klagen \u00fcber die Ungerechtigkeit der Welt fiel mir leicht, konnte aber nat\u00fcrlich nichts an der Sachlage \u00e4ndern. Die Sachlage, um das klar zu sagen, wird auch durch das Coaching nicht ver\u00e4ndert. Das Coaching hat mir aber geholfen, mich neu (oder \u00fcberhaupt) zu positionieren: Wo will ich hin? Was kann ich gut?<\/span><br \/>\n<span style=\"color: #003366;\"> Sabine hat mit mir schrittweise aufgearbeitet, was mir momentan eigentlich wichtig ist &#8211; und was davon ich leicht realisieren kann und welche eigenen Ziele vielleicht weiter entfernt liegen.<\/span><br \/>\n<span style=\"color: #003366;\"> Wichtig f\u00fcr mich war, dass ich an meiner Sachlage nur etwas \u00e4ndern kann, wenn ich mir v\u00f6llig dar\u00fcber im Klaren bin, was ich will und was ich f\u00fcr mein Ziel an Erfahrungen, Fachkenntnissen, Social Skills und anderen F\u00e4higkeiten mitbringe. Und das ist viel! Man muss es nur (wieder) erkennen oder sich vor Augen f\u00fchren.<\/span><\/p>\n","protected":false},"excerpt":{"rendered":"<p>Kundenstimmen Dipl.-Ing. S. aus A.: Frau F\u00fclber gelang es mit Ihrer sympathischen, kompetenten und zielstrebigen Art meinen Horizont zu erweitern, meine Selbstkontrolle zu steigern und auch komplexe Themen einfach darzustellen und auf zu arbeiten. Auch &hellip; <a href=\"https:\/\/coaching-zum-anfassen.com\/?page_id=46\">Weiterlesen<\/a><\/p>\n","protected":false},"author":1,"featured_media":0,"parent":0,"menu_order":0,"comment_status":"closed","ping_status":"closed","template":"","meta":{"spay_email":""},"jetpack_sharing_enabled":true,"jetpack_shortlink":"https:\/\/wp.me\/P7oQqi-K","jetpack-related-posts":[{"id":52,"url":"https:\/\/coaching-zum-anfassen.com\/?page_id=52","url_meta":{"origin":46,"position":0},"title":"\u00dcber mich","date":"April 1, 2016","format":false,"excerpt":"Leben darf Spa\u00df machen - arbeiten auch! Dieser Gedanke pr\u00e4gt meine Arbeit als Coach und nat\u00fcrlich auch mein Leben. Deshalb nehme ich nicht nur beim Segeln Kurs auf Neuland. Mit viel Neugier und Offenheit lasse ich mich immer wieder gerne auf\u00a0neue Menschen, Situationen und L\u00e4nder ein. Dazu geh\u00f6rte unter anderem\u00a0das\u2026","rel":"","context":"\u00c4hnlicher Beitrag","img":{"alt_text":"","src":"","width":0,"height":0},"classes":[]},{"id":112,"url":"https:\/\/coaching-zum-anfassen.com\/?page_id=112","url_meta":{"origin":46,"position":1},"title":"Coaching auf See","date":"April 3, 2016","format":false,"excerpt":"Coaching auf See Das Meer ist etwas ganz Besonderes f\u00fcr mich. Seit 1989 segle ich\u00a0immer wieder in verschiedensten Revieren der Weltmeere. Die Weite des Meeres erlebe ich\u00a0jedes Mal neu als etwas ganz Besonderes. \u201eLeinen los\u201c bedeutet f\u00fcr mich, bei\u00a0mir selbst anzukommen und alles Andere an Land zur\u00fcck zu lassen. Im\u2026","rel":"","context":"\u00c4hnlicher Beitrag","img":{"alt_text":"Klipper StLucia 2","src":"https:\/\/i0.wp.com\/coaching-zum-anfassen.com\/wp-content\/uploads\/2016\/04\/Klipper-StLucia-2-300x93.jpg?resize=350%2C200","width":350,"height":200},"classes":[]},{"id":119,"url":"https:\/\/coaching-zum-anfassen.com\/?page_id=119","url_meta":{"origin":46,"position":2},"title":"Impressum &#038; Datenschutz","date":"April 3, 2016","format":false,"excerpt":"Ansprechpartner und verantwortlich f\u00fcr den Inhalt:Sabine F\u00fclberGoldt\u00e4leweg 1170327 StuttgartTel. +49 160-354 66 54Kontakt Gestaltung und Programmierung:Sabine F\u00fclber Es gilt der Haftungssausschluss \/ Disclaimer Datenschutz Die Betreiber dieser Seiten nehmen den Schutz Ihrer pers\u00f6nlichen Daten sehr ernst. Wir behandeln Ihre personenbezogenen Daten vertraulich und entsprechend der gesetzlichen Datenschutzvorschriften sowie dieser Datenschutzerkl\u00e4rung.\u2026","rel":"","context":"\u00c4hnlicher Beitrag","img":{"alt_text":"","src":"","width":0,"height":0},"classes":[]},{"id":57,"url":"https:\/\/coaching-zum-anfassen.com\/?page_id=57","url_meta":{"origin":46,"position":3},"title":"Coaching zum Anfassen","date":"April 1, 2016","format":false,"excerpt":"Was bedeutet \"Coaching zum Anfassen?\" Als Coach nehme ich Sie als Menschen in Ihrer Ganzheit wahr \u2013 einen Menschen aus K\u00f6rper, Geist und Seele. Ich unterst\u00fctze Sie dabei, klarer zu sehen und sich und Ihre Mitmenschen besser zu verstehen. Entdecken Sie gemeinsam mit mir Ihre Ziele und steuern Sie auf\u2026","rel":"","context":"\u00c4hnlicher Beitrag","img":{"alt_text":"","src":"","width":0,"height":0},"classes":[]},{"id":43,"url":"https:\/\/coaching-zum-anfassen.com\/?page_id=43","url_meta":{"origin":46,"position":4},"title":"Was ist Coaching?","date":"April 1, 2016","format":false,"excerpt":"Mit frischem Wind zu neuen Ufern Wenn Sie das Gef\u00fchl haben, nur vor sich hinzud\u00fcmpeln oder wom\u00f6glich den falschen Kurs eingeschlagen zu haben, ist es Zeit, innezuhalten und die Segel neu zu setzen. Zeit f\u00fcr \u201eCoaching zum Anfassen\u201c. Konkrete Beispiele finden Sie in meinem Spektrum. Nat\u00fcrlich ist Coaching in jedem\u2026","rel":"","context":"\u00c4hnlicher Beitrag","img":{"alt_text":"","src":"","width":0,"height":0},"classes":[]},{"id":122,"url":"https:\/\/coaching-zum-anfassen.com\/?page_id=122","url_meta":{"origin":46,"position":5},"title":"AGB","date":"April 3, 2016","format":false,"excerpt":"Allgemeine Gesch\u00e4ftsbedingungen Coaching zum Anfassen Vertragsgestaltung 1.1 Der Abschluss von Vertr\u00e4gen zwischen Auftraggeber und Trainer bzw. Coach, im weiteren Verlauf als Trainer bezeichnet, \u00fcber die beiderseitig zu erbringenden Leistungen sowie\u00a0 \u00c4nderungen und\/oder Erg\u00e4nzungen hierzu bed\u00fcrfen der Schriftform. 1.2 Erg\u00e4nzend gelten die vorliegenden Allgemeinen Gesch\u00e4ftsbedingungen f\u00fcr Trainer. Sie sind wesentlicher Bestandteil\u2026","rel":"","context":"\u00c4hnlicher Beitrag","img":{"alt_text":"","src":"","width":0,"height":0},"classes":[]}],"_links":{"self":[{"href":"https:\/\/coaching-zum-anfassen.com\/index.php?rest_route=\/wp\/v2\/pages\/46"}],"collection":[{"href":"https:\/\/coaching-zum-anfassen.com\/index.php?rest_route=\/wp\/v2\/pages"}],"about":[{"href":"https:\/\/coaching-zum-anfassen.com\/index.php?rest_route=\/wp\/v2\/types\/page"}],"author":[{"embeddable":true,"href":"https:\/\/coaching-zum-anfassen.com\/index.php?rest_route=\/wp\/v2\/users\/1"}],"replies":[{"embeddable":true,"href":"https:\/\/coaching-zum-anfassen.com\/index.php?rest_route=%2Fwp%2Fv2%2Fcomments&post=46"}],"version-history":[{"count":3,"href":"https:\/\/coaching-zum-anfassen.com\/index.php?rest_route=\/wp\/v2\/pages\/46\/revisions"}],"predecessor-version":[{"id":416,"href":"https:\/\/coaching-zum-anfassen.com\/index.php?rest_route=\/wp\/v2\/pages\/46\/revisions\/416"}],"wp:attachment":[{"href":"https:\/\/coaching-zum-anfassen.com\/index.php?rest_route=%2Fwp%2Fv2%2Fmedia&parent=46"}],"curies":[{"name":"wp","href":"https:\/\/api.w.org\/{rel}","templated":true}]}}