{"id":43,"date":"2016-04-01T11:35:12","date_gmt":"2016-04-01T11:35:12","guid":{"rendered":"http:\/\/coaching-zum-anfassen.com\/?page_id=43"},"modified":"2016-05-02T17:21:43","modified_gmt":"2016-05-02T17:21:43","slug":"was-ist-coaching","status":"publish","type":"page","link":"https:\/\/coaching-zum-anfassen.com\/?page_id=43","title":{"rendered":"Was ist Coaching?"},"content":{"rendered":"<p><strong><span style=\"color: #003366;\">Mit frischem Wind zu neuen Ufern<\/span><\/strong><\/p>\n<p><span style=\"color: #003366;\">Wenn Sie das Gef\u00fchl haben, nur vor sich hinzud\u00fcmpeln oder wom\u00f6glich den falschen Kurs eingeschlagen zu haben, ist es Zeit, innezuhalten und die Segel neu zu setzen. Zeit f\u00fcr \u201eCoaching zum Anfassen\u201c.<\/span><\/p>\n<p><span style=\"color: #003366;\">Konkrete Beispiele finden Sie in meinem <a href=\"https:\/\/coaching-zum-anfassen.com\/?page_id=62\">Spektrum<\/a>. <\/span><\/p>\n<p><span style=\"color: #003366;\">Nat\u00fcrlich ist Coaching in jedem Fall vertraulich.<\/span><\/p>\n<p><span style=\"color: #003366;\">Neugierig? Dann freue ich mich auf ein erstes Gespr\u00e4ch mit Ihnen, nat\u00fcrlich kostenlos und unverbindlich. <a href=\"https:\/\/coaching-zum-anfassen.com\/?page_id=140\" target=\"_blank\">Kontakt <\/a><\/span><\/p>\n<p><span style=\"color: #003366;\">Coaching hilft Ihnen\u2026\u00a0\u00a0klarer zu sehen. <\/span><br \/>\n<span style=\"color: #003366;\"> Coaching hilft Ihnen\u2026\u00a0 sich und andere besser zu verstehen.<\/span><br \/>\n<span style=\"color: #003366;\"> Coaching hilft Ihnen\u2026\u00a0 zielsicher zu handeln.<\/span><\/p>\n<p><span style=\"color: #333399;\">\u00a0<\/span><\/p>\n","protected":false},"excerpt":{"rendered":"<p>Mit frischem Wind zu neuen Ufern Wenn Sie das Gef\u00fchl haben, nur vor sich hinzud\u00fcmpeln oder wom\u00f6glich den falschen Kurs eingeschlagen zu haben, ist es Zeit, innezuhalten und die Segel neu zu setzen. Zeit f\u00fcr &hellip; <a href=\"https:\/\/coaching-zum-anfassen.com\/?page_id=43\">Weiterlesen<\/a><\/p>\n","protected":false},"author":1,"featured_media":0,"parent":0,"menu_order":0,"comment_status":"closed","ping_status":"closed","template":"","meta":{"spay_email":""},"jetpack_sharing_enabled":true,"jetpack_shortlink":"https:\/\/wp.me\/P7oQqi-H","jetpack-related-posts":[{"id":178,"url":"https:\/\/coaching-zum-anfassen.com\/?page_id=178","url_meta":{"origin":43,"position":0},"title":"Coaching","date":"April 14, 2016","format":false,"excerpt":"","rel":"","context":"\u00c4hnlicher Beitrag","img":{"alt_text":"ocean view from sailing yacht","src":"https:\/\/i0.wp.com\/coaching-zum-anfassen.com\/wp-content\/uploads\/2016\/04\/Zielbild-Fotolia-gespiegelt_verkleinert-300x200.jpg?resize=350%2C200","width":350,"height":200},"classes":[]},{"id":57,"url":"https:\/\/coaching-zum-anfassen.com\/?page_id=57","url_meta":{"origin":43,"position":1},"title":"Coaching zum Anfassen","date":"April 1, 2016","format":false,"excerpt":"Was bedeutet \"Coaching zum Anfassen?\" Als Coach nehme ich Sie als Menschen in Ihrer Ganzheit wahr \u2013 einen Menschen aus K\u00f6rper, Geist und Seele. Ich unterst\u00fctze Sie dabei, klarer zu sehen und sich und Ihre Mitmenschen besser zu verstehen. Entdecken Sie gemeinsam mit mir Ihre Ziele und steuern Sie auf\u2026","rel":"","context":"\u00c4hnlicher Beitrag","img":{"alt_text":"","src":"","width":0,"height":0},"classes":[]},{"id":46,"url":"https:\/\/coaching-zum-anfassen.com\/?page_id=46","url_meta":{"origin":43,"position":2},"title":"Referenzen","date":"April 1, 2016","format":false,"excerpt":"Kundenstimmen Dipl.-Ing. S. aus A.: Frau F\u00fclber gelang es mit Ihrer sympathischen, kompetenten und zielstrebigen Art meinen Horizont zu erweitern, meine Selbstkontrolle zu steigern und auch komplexe Themen einfach darzustellen und auf zu arbeiten. Auch Dritten ist eine positive Ver\u00e4nderung meines Verhaltens aufgefallen, was f\u00fcr mich den Erfolg des Coachings\u2026","rel":"","context":"\u00c4hnlicher Beitrag","img":{"alt_text":"","src":"","width":0,"height":0},"classes":[]},{"id":52,"url":"https:\/\/coaching-zum-anfassen.com\/?page_id=52","url_meta":{"origin":43,"position":3},"title":"\u00dcber mich","date":"April 1, 2016","format":false,"excerpt":"Leben darf Spa\u00df machen - arbeiten auch! Dieser Gedanke pr\u00e4gt meine Arbeit als Coach und nat\u00fcrlich auch mein Leben. Deshalb nehme ich nicht nur beim Segeln Kurs auf Neuland. Mit viel Neugier und Offenheit lasse ich mich immer wieder gerne auf\u00a0neue Menschen, Situationen und L\u00e4nder ein. Dazu geh\u00f6rte unter anderem\u00a0das\u2026","rel":"","context":"\u00c4hnlicher Beitrag","img":{"alt_text":"","src":"","width":0,"height":0},"classes":[]},{"id":122,"url":"https:\/\/coaching-zum-anfassen.com\/?page_id=122","url_meta":{"origin":43,"position":4},"title":"AGB","date":"April 3, 2016","format":false,"excerpt":"Allgemeine Gesch\u00e4ftsbedingungen Coaching zum Anfassen Vertragsgestaltung 1.1 Der Abschluss von Vertr\u00e4gen zwischen Auftraggeber und Trainer bzw. Coach, im weiteren Verlauf als Trainer bezeichnet, \u00fcber die beiderseitig zu erbringenden Leistungen sowie\u00a0 \u00c4nderungen und\/oder Erg\u00e4nzungen hierzu bed\u00fcrfen der Schriftform. 1.2 Erg\u00e4nzend gelten die vorliegenden Allgemeinen Gesch\u00e4ftsbedingungen f\u00fcr Trainer. Sie sind wesentlicher Bestandteil\u2026","rel":"","context":"\u00c4hnlicher Beitrag","img":{"alt_text":"","src":"","width":0,"height":0},"classes":[]},{"id":112,"url":"https:\/\/coaching-zum-anfassen.com\/?page_id=112","url_meta":{"origin":43,"position":5},"title":"Coaching auf See","date":"April 3, 2016","format":false,"excerpt":"Coaching auf See Das Meer ist etwas ganz Besonderes f\u00fcr mich. Seit 1989 segle ich\u00a0immer wieder in verschiedensten Revieren der Weltmeere. Die Weite des Meeres erlebe ich\u00a0jedes Mal neu als etwas ganz Besonderes. \u201eLeinen los\u201c bedeutet f\u00fcr mich, bei\u00a0mir selbst anzukommen und alles Andere an Land zur\u00fcck zu lassen. Im\u2026","rel":"","context":"\u00c4hnlicher Beitrag","img":{"alt_text":"Klipper StLucia 2","src":"https:\/\/i0.wp.com\/coaching-zum-anfassen.com\/wp-content\/uploads\/2016\/04\/Klipper-StLucia-2-300x93.jpg?resize=350%2C200","width":350,"height":200},"classes":[]}],"_links":{"self":[{"href":"https:\/\/coaching-zum-anfassen.com\/index.php?rest_route=\/wp\/v2\/pages\/43"}],"collection":[{"href":"https:\/\/coaching-zum-anfassen.com\/index.php?rest_route=\/wp\/v2\/pages"}],"about":[{"href":"https:\/\/coaching-zum-anfassen.com\/index.php?rest_route=\/wp\/v2\/types\/page"}],"author":[{"embeddable":true,"href":"https:\/\/coaching-zum-anfassen.com\/index.php?rest_route=\/wp\/v2\/users\/1"}],"replies":[{"embeddable":true,"href":"https:\/\/coaching-zum-anfassen.com\/index.php?rest_route=%2Fwp%2Fv2%2Fcomments&post=43"}],"version-history":[{"count":9,"href":"https:\/\/coaching-zum-anfassen.com\/index.php?rest_route=\/wp\/v2\/pages\/43\/revisions"}],"predecessor-version":[{"id":365,"href":"https:\/\/coaching-zum-anfassen.com\/index.php?rest_route=\/wp\/v2\/pages\/43\/revisions\/365"}],"wp:attachment":[{"href":"https:\/\/coaching-zum-anfassen.com\/index.php?rest_route=%2Fwp%2Fv2%2Fmedia&parent=43"}],"curies":[{"name":"wp","href":"https:\/\/api.w.org\/{rel}","templated":true}]}}