{"id":288,"date":"2016-04-21T20:36:15","date_gmt":"2016-04-21T20:36:15","guid":{"rendered":"http:\/\/coaching-zum-anfassen.com\/?page_id=288"},"modified":"2022-07-01T21:58:58","modified_gmt":"2022-07-01T21:58:58","slug":"qualifikationen","status":"publish","type":"page","link":"https:\/\/coaching-zum-anfassen.com\/?page_id=288","title":{"rendered":"Qualifikationen"},"content":{"rendered":"<p>Master Coach nach DVNLP<br \/>\nSystemischer Coach<br \/>\nNLP Master (DVNLP)<\/p>\n<p>Business Trainerin (BPA)<\/p>\n<p>Moderation (KK AG)<\/p>\n<p>Change Managerin (Concept on Top)<\/p>\n<p>B. Sc. BWL und Wirtschaftspsychologie (FOM<\/p>\n","protected":false},"excerpt":{"rendered":"<p>Master Coach nach DVNLP Systemischer Coach NLP Master (DVNLP) Business Trainerin (BPA) Moderation (KK AG) Change Managerin (Concept on Top) B. Sc. BWL und Wirtschaftspsychologie (FOM<\/p>\n","protected":false},"author":1,"featured_media":0,"parent":0,"menu_order":0,"comment_status":"closed","ping_status":"closed","template":"","meta":{"spay_email":""},"jetpack_sharing_enabled":true,"jetpack_shortlink":"https:\/\/wp.me\/P7oQqi-4E","jetpack-related-posts":[{"id":52,"url":"https:\/\/coaching-zum-anfassen.com\/?page_id=52","url_meta":{"origin":288,"position":0},"title":"\u00dcber mich","date":"April 1, 2016","format":false,"excerpt":"Leben darf Spa\u00df machen - arbeiten auch! Dieser Gedanke pr\u00e4gt meine Arbeit als Coach und nat\u00fcrlich auch mein Leben. Deshalb nehme ich nicht nur beim Segeln Kurs auf Neuland. Mit viel Neugier und Offenheit lasse ich mich immer wieder gerne auf\u00a0neue Menschen, Situationen und L\u00e4nder ein. Dazu geh\u00f6rte unter anderem\u00a0das\u2026","rel":"","context":"\u00c4hnlicher Beitrag","img":{"alt_text":"","src":"","width":0,"height":0},"classes":[]},{"id":57,"url":"https:\/\/coaching-zum-anfassen.com\/?page_id=57","url_meta":{"origin":288,"position":1},"title":"Coaching zum Anfassen","date":"April 1, 2016","format":false,"excerpt":"Was bedeutet \"Coaching zum Anfassen?\" Als Coach nehme ich Sie als Menschen in Ihrer Ganzheit wahr \u2013 einen Menschen aus K\u00f6rper, Geist und Seele. Ich unterst\u00fctze Sie dabei, klarer zu sehen und sich und Ihre Mitmenschen besser zu verstehen. Entdecken Sie gemeinsam mit mir Ihre Ziele und steuern Sie auf\u2026","rel":"","context":"\u00c4hnlicher Beitrag","img":{"alt_text":"","src":"","width":0,"height":0},"classes":[]},{"id":46,"url":"https:\/\/coaching-zum-anfassen.com\/?page_id=46","url_meta":{"origin":288,"position":2},"title":"Referenzen","date":"April 1, 2016","format":false,"excerpt":"Kundenstimmen Dipl.-Ing. S. aus A.: Frau F\u00fclber gelang es mit Ihrer sympathischen, kompetenten und zielstrebigen Art meinen Horizont zu erweitern, meine Selbstkontrolle zu steigern und auch komplexe Themen einfach darzustellen und auf zu arbeiten. Auch Dritten ist eine positive Ver\u00e4nderung meines Verhaltens aufgefallen, was f\u00fcr mich den Erfolg des Coachings\u2026","rel":"","context":"\u00c4hnlicher Beitrag","img":{"alt_text":"","src":"","width":0,"height":0},"classes":[]},{"id":122,"url":"https:\/\/coaching-zum-anfassen.com\/?page_id=122","url_meta":{"origin":288,"position":3},"title":"AGB","date":"April 3, 2016","format":false,"excerpt":"Allgemeine Gesch\u00e4ftsbedingungen Coaching zum Anfassen Vertragsgestaltung 1.1 Der Abschluss von Vertr\u00e4gen zwischen Auftraggeber und Trainer bzw. Coach, im weiteren Verlauf als Trainer bezeichnet, \u00fcber die beiderseitig zu erbringenden Leistungen sowie\u00a0 \u00c4nderungen und\/oder Erg\u00e4nzungen hierzu bed\u00fcrfen der Schriftform. 1.2 Erg\u00e4nzend gelten die vorliegenden Allgemeinen Gesch\u00e4ftsbedingungen f\u00fcr Trainer. Sie sind wesentlicher Bestandteil\u2026","rel":"","context":"\u00c4hnlicher Beitrag","img":{"alt_text":"","src":"","width":0,"height":0},"classes":[]}],"_links":{"self":[{"href":"https:\/\/coaching-zum-anfassen.com\/index.php?rest_route=\/wp\/v2\/pages\/288"}],"collection":[{"href":"https:\/\/coaching-zum-anfassen.com\/index.php?rest_route=\/wp\/v2\/pages"}],"about":[{"href":"https:\/\/coaching-zum-anfassen.com\/index.php?rest_route=\/wp\/v2\/types\/page"}],"author":[{"embeddable":true,"href":"https:\/\/coaching-zum-anfassen.com\/index.php?rest_route=\/wp\/v2\/users\/1"}],"replies":[{"embeddable":true,"href":"https:\/\/coaching-zum-anfassen.com\/index.php?rest_route=%2Fwp%2Fv2%2Fcomments&post=288"}],"version-history":[{"count":4,"href":"https:\/\/coaching-zum-anfassen.com\/index.php?rest_route=\/wp\/v2\/pages\/288\/revisions"}],"predecessor-version":[{"id":474,"href":"https:\/\/coaching-zum-anfassen.com\/index.php?rest_route=\/wp\/v2\/pages\/288\/revisions\/474"}],"wp:attachment":[{"href":"https:\/\/coaching-zum-anfassen.com\/index.php?rest_route=%2Fwp%2Fv2%2Fmedia&parent=288"}],"curies":[{"name":"wp","href":"https:\/\/api.w.org\/{rel}","templated":true}]}}