{"id":232,"date":"2016-04-15T09:50:18","date_gmt":"2016-04-15T09:50:18","guid":{"rendered":"http:\/\/coaching-zum-anfassen.com\/?page_id=232"},"modified":"2016-04-26T20:54:45","modified_gmt":"2016-04-26T20:54:45","slug":"232-2","status":"publish","type":"page","link":"https:\/\/coaching-zum-anfassen.com\/?page_id=232","title":{"rendered":"Geschenk"},"content":{"rendered":"<p><span style=\"color: #003366;\"><span style=\"font-size: x-large;\">Dein Kapit\u00e4n und das Meer der Zeit<\/strong><\/span><\/p>\n<p><span style=\"color: #003366;\"><div class=\"two-columns-one\"><\/span><\/p>\n<p><img data-attachment-id=\"308\" data-permalink=\"https:\/\/coaching-zum-anfassen.com\/?attachment_id=308\" data-orig-file=\"https:\/\/i0.wp.com\/coaching-zum-anfassen.com\/wp-content\/uploads\/2016\/04\/Kompass_XS.jpg?fit=300%2C400&amp;ssl=1\" data-orig-size=\"300,400\" data-comments-opened=\"0\" data-image-meta=\"{&quot;aperture&quot;:&quot;0&quot;,&quot;credit&quot;:&quot;Csaba Peterdi - Fotolia&quot;,&quot;camera&quot;:&quot;&quot;,&quot;caption&quot;:&quot;&quot;,&quot;created_timestamp&quot;:&quot;1279022923&quot;,&quot;copyright&quot;:&quot;Csaba Peterdi - Fotolia&quot;,&quot;focal_length&quot;:&quot;0&quot;,&quot;iso&quot;:&quot;0&quot;,&quot;shutter_speed&quot;:&quot;0&quot;,&quot;title&quot;:&quot;compass on the shore at sunrise&quot;,&quot;orientation&quot;:&quot;1&quot;}\" data-image-title=\"compass on the shore at sunrise\" data-image-description=\"\" data-image-caption=\"\" data-medium-file=\"https:\/\/i0.wp.com\/coaching-zum-anfassen.com\/wp-content\/uploads\/2016\/04\/Kompass_XS.jpg?fit=225%2C300&amp;ssl=1\" data-large-file=\"https:\/\/i0.wp.com\/coaching-zum-anfassen.com\/wp-content\/uploads\/2016\/04\/Kompass_XS.jpg?fit=300%2C400&amp;ssl=1\" loading=\"lazy\" class=\"alignnone size-medium wp-image-308\" src=\"https:\/\/i0.wp.com\/coaching-zum-anfassen.com\/wp-content\/uploads\/2016\/04\/Kompass_XS.jpg?resize=300%2C400&#038;ssl=1\" alt=\"compass on the shore at sunrise\" width=\"300\" height=\"400\" srcset=\"https:\/\/i0.wp.com\/coaching-zum-anfassen.com\/wp-content\/uploads\/2016\/04\/Kompass_XS.jpg?resize=225%2C300&amp;ssl=1 225w, https:\/\/i0.wp.com\/coaching-zum-anfassen.com\/wp-content\/uploads\/2016\/04\/Kompass_XS.jpg?w=300&amp;ssl=1 300w\" sizes=\"(max-width: 300px) 100vw, 300px\" data-recalc-dims=\"1\" \/><br \/>\n<\/div><br \/>\n<div class=\"two-columns-one last\">\n<span style=\"font-size: large;\"><br \/>\n<span style=\"color: #003366;\">G\u00f6nnen Sie sich doch jetzt und hier eine kleine Auszeit.<\/span><\/p>\n<p><span style=\"color: #003366;\"><span style=\"font-size: large;\">Kommen Sie bei sich selber an. Und machen Sie sich auf zu neuen Ufern.<\/span><\/p>\n<p><span style=\"color: #003366;\"><span style=\"font-size: large;\">Die Meditation &#8222;Dein Kapit\u00e4n und das Meer der Zeit&#8220; nimmt Sie mit auf die Reise.<\/span><\/p>\n<p><span style=\"color: #003366;\"><span style=\"font-size: large;\">Diese Meditation ist mein Geschenk f\u00fcr Sie. Rufen Sie es gleich hier ab:<\/span><\/p>\n<p><a class=\"standard-btn blue-btn\" href=\"https:\/\/coaching-zum-anfassen.com\/?page_id=276\"><span>Ihr Geschenk<\/span><\/a><br \/>\n<\/div><\/p>\n","protected":false},"excerpt":{"rendered":"<p>Dein Kapit\u00e4n und das Meer der Zeit<\/p>\n","protected":false},"author":1,"featured_media":0,"parent":0,"menu_order":0,"comment_status":"closed","ping_status":"closed","template":"","meta":{"spay_email":""},"jetpack_sharing_enabled":true,"jetpack_shortlink":"https:\/\/wp.me\/P7oQqi-3K","jetpack-related-posts":[{"id":211,"url":"https:\/\/coaching-zum-anfassen.com\/?page_id=211","url_meta":{"origin":232,"position":0},"title":"Dein Kapit\u00e4n und das Meer der Zeit","date":"April 14, 2016","format":false,"excerpt":"Genie\u00dfen Sie Ihre Meditation! Oder laden Sie hier Ihre Meditation \"Dein Kapit\u00e4n und das Meer der Zeit\" herunter. Klicken Sie auf den Button \"Meditation abholen\" und danach auf die Schrift \"Dein Kapit\u00e4n\".\u00a0 \u00a0","rel":"","context":"\u00c4hnlicher Beitrag","img":{"alt_text":"","src":"","width":0,"height":0},"classes":[]},{"id":57,"url":"https:\/\/coaching-zum-anfassen.com\/?page_id=57","url_meta":{"origin":232,"position":1},"title":"Coaching zum Anfassen","date":"April 1, 2016","format":false,"excerpt":"Was bedeutet \"Coaching zum Anfassen?\" Als Coach nehme ich Sie als Menschen in Ihrer Ganzheit wahr \u2013 einen Menschen aus K\u00f6rper, Geist und Seele. Ich unterst\u00fctze Sie dabei, klarer zu sehen und sich und Ihre Mitmenschen besser zu verstehen. Entdecken Sie gemeinsam mit mir Ihre Ziele und steuern Sie auf\u2026","rel":"","context":"\u00c4hnlicher Beitrag","img":{"alt_text":"","src":"","width":0,"height":0},"classes":[]},{"id":43,"url":"https:\/\/coaching-zum-anfassen.com\/?page_id=43","url_meta":{"origin":232,"position":2},"title":"Was ist Coaching?","date":"April 1, 2016","format":false,"excerpt":"Mit frischem Wind zu neuen Ufern Wenn Sie das Gef\u00fchl haben, nur vor sich hinzud\u00fcmpeln oder wom\u00f6glich den falschen Kurs eingeschlagen zu haben, ist es Zeit, innezuhalten und die Segel neu zu setzen. Zeit f\u00fcr \u201eCoaching zum Anfassen\u201c. Konkrete Beispiele finden Sie in meinem Spektrum. Nat\u00fcrlich ist Coaching in jedem\u2026","rel":"","context":"\u00c4hnlicher Beitrag","img":{"alt_text":"","src":"","width":0,"height":0},"classes":[]},{"id":112,"url":"https:\/\/coaching-zum-anfassen.com\/?page_id=112","url_meta":{"origin":232,"position":3},"title":"Coaching auf See","date":"April 3, 2016","format":false,"excerpt":"Coaching auf See Das Meer ist etwas ganz Besonderes f\u00fcr mich. Seit 1989 segle ich\u00a0immer wieder in verschiedensten Revieren der Weltmeere. Die Weite des Meeres erlebe ich\u00a0jedes Mal neu als etwas ganz Besonderes. \u201eLeinen los\u201c bedeutet f\u00fcr mich, bei\u00a0mir selbst anzukommen und alles Andere an Land zur\u00fcck zu lassen. Im\u2026","rel":"","context":"\u00c4hnlicher Beitrag","img":{"alt_text":"Klipper StLucia 2","src":"https:\/\/i0.wp.com\/coaching-zum-anfassen.com\/wp-content\/uploads\/2016\/04\/Klipper-StLucia-2-300x93.jpg?resize=350%2C200","width":350,"height":200},"classes":[]},{"id":46,"url":"https:\/\/coaching-zum-anfassen.com\/?page_id=46","url_meta":{"origin":232,"position":4},"title":"Referenzen","date":"April 1, 2016","format":false,"excerpt":"Kundenstimmen Dipl.-Ing. S. aus A.: Frau F\u00fclber gelang es mit Ihrer sympathischen, kompetenten und zielstrebigen Art meinen Horizont zu erweitern, meine Selbstkontrolle zu steigern und auch komplexe Themen einfach darzustellen und auf zu arbeiten. Auch Dritten ist eine positive Ver\u00e4nderung meines Verhaltens aufgefallen, was f\u00fcr mich den Erfolg des Coachings\u2026","rel":"","context":"\u00c4hnlicher Beitrag","img":{"alt_text":"","src":"","width":0,"height":0},"classes":[]},{"id":52,"url":"https:\/\/coaching-zum-anfassen.com\/?page_id=52","url_meta":{"origin":232,"position":5},"title":"\u00dcber mich","date":"April 1, 2016","format":false,"excerpt":"Leben darf Spa\u00df machen - arbeiten auch! Dieser Gedanke pr\u00e4gt meine Arbeit als Coach und nat\u00fcrlich auch mein Leben. Deshalb nehme ich nicht nur beim Segeln Kurs auf Neuland. Mit viel Neugier und Offenheit lasse ich mich immer wieder gerne auf\u00a0neue Menschen, Situationen und L\u00e4nder ein. Dazu geh\u00f6rte unter anderem\u00a0das\u2026","rel":"","context":"\u00c4hnlicher Beitrag","img":{"alt_text":"","src":"","width":0,"height":0},"classes":[]}],"_links":{"self":[{"href":"https:\/\/coaching-zum-anfassen.com\/index.php?rest_route=\/wp\/v2\/pages\/232"}],"collection":[{"href":"https:\/\/coaching-zum-anfassen.com\/index.php?rest_route=\/wp\/v2\/pages"}],"about":[{"href":"https:\/\/coaching-zum-anfassen.com\/index.php?rest_route=\/wp\/v2\/types\/page"}],"author":[{"embeddable":true,"href":"https:\/\/coaching-zum-anfassen.com\/index.php?rest_route=\/wp\/v2\/users\/1"}],"replies":[{"embeddable":true,"href":"https:\/\/coaching-zum-anfassen.com\/index.php?rest_route=%2Fwp%2Fv2%2Fcomments&post=232"}],"version-history":[{"count":55,"href":"https:\/\/coaching-zum-anfassen.com\/index.php?rest_route=\/wp\/v2\/pages\/232\/revisions"}],"predecessor-version":[{"id":360,"href":"https:\/\/coaching-zum-anfassen.com\/index.php?rest_route=\/wp\/v2\/pages\/232\/revisions\/360"}],"wp:attachment":[{"href":"https:\/\/coaching-zum-anfassen.com\/index.php?rest_route=%2Fwp%2Fv2%2Fmedia&parent=232"}],"curies":[{"name":"wp","href":"https:\/\/api.w.org\/{rel}","templated":true}]}}