{"id":160,"date":"2016-04-14T07:40:27","date_gmt":"2016-04-14T07:40:27","guid":{"rendered":"http:\/\/coaching-zum-anfassen.com\/?page_id=160"},"modified":"2022-01-23T11:05:55","modified_gmt":"2022-01-23T11:05:55","slug":"kontakt","status":"publish","type":"page","link":"https:\/\/coaching-zum-anfassen.com\/?page_id=160","title":{"rendered":"Kontakt"},"content":{"rendered":"<p>Sabine F\u00fclber<br \/>\nCoaching zum Anfassen<br \/>\nGoldt\u00e4leweg 11<br \/>\n70327 Stuttgart<br \/>\nTel. +49 160 354 6654<br \/>\n<img data-attachment-id=\"164\" data-permalink=\"https:\/\/coaching-zum-anfassen.com\/?attachment_id=164\" data-orig-file=\"https:\/\/i0.wp.com\/coaching-zum-anfassen.com\/wp-content\/uploads\/2016\/04\/E-Mail-Bild.png?fit=272%2C28&amp;ssl=1\" data-orig-size=\"272,28\" data-comments-opened=\"1\" data-image-meta=\"{&quot;aperture&quot;:&quot;0&quot;,&quot;credit&quot;:&quot;&quot;,&quot;camera&quot;:&quot;&quot;,&quot;caption&quot;:&quot;&quot;,&quot;created_timestamp&quot;:&quot;0&quot;,&quot;copyright&quot;:&quot;&quot;,&quot;focal_length&quot;:&quot;0&quot;,&quot;iso&quot;:&quot;0&quot;,&quot;shutter_speed&quot;:&quot;0&quot;,&quot;title&quot;:&quot;&quot;,&quot;orientation&quot;:&quot;0&quot;}\" data-image-title=\"E-Mail-Bild\" data-image-description=\"\" data-image-caption=\"\" data-medium-file=\"https:\/\/i0.wp.com\/coaching-zum-anfassen.com\/wp-content\/uploads\/2016\/04\/E-Mail-Bild.png?fit=272%2C28&amp;ssl=1\" data-large-file=\"https:\/\/i0.wp.com\/coaching-zum-anfassen.com\/wp-content\/uploads\/2016\/04\/E-Mail-Bild.png?fit=272%2C28&amp;ssl=1\" loading=\"lazy\" class=\"alignnone size-full wp-image-164\" src=\"https:\/\/i0.wp.com\/coaching-zum-anfassen.com\/wp-content\/uploads\/2016\/04\/E-Mail-Bild.png?resize=272%2C28&#038;ssl=1\" alt=\"E-Mail-Bild\" width=\"272\" height=\"28\" data-recalc-dims=\"1\" \/><\/p>\n<p>Haben Sie Fragen oder W\u00fcnsche? Senden Sie mir eine <a href=\"https:\/\/coaching-zum-anfassen.com\/?page_id=140\" target=\"_blank\" rel=\"noopener\">Nachricht<\/a>.<\/p>\n","protected":false},"excerpt":{"rendered":"<p>Sabine F\u00fclber Coaching zum Anfassen Goldt\u00e4leweg 11 70327 Stuttgart Tel. +49 160 354 6654 Haben Sie Fragen oder W\u00fcnsche? Senden Sie mir eine Nachricht.<\/p>\n","protected":false},"author":1,"featured_media":0,"parent":0,"menu_order":0,"comment_status":"closed","ping_status":"closed","template":"","meta":{"spay_email":""},"jetpack_sharing_enabled":true,"jetpack_shortlink":"https:\/\/wp.me\/P7oQqi-2A","jetpack-related-posts":[{"id":57,"url":"https:\/\/coaching-zum-anfassen.com\/?page_id=57","url_meta":{"origin":160,"position":0},"title":"Coaching zum Anfassen","date":"April 1, 2016","format":false,"excerpt":"Was bedeutet \"Coaching zum Anfassen?\" Als Coach nehme ich Sie als Menschen in Ihrer Ganzheit wahr \u2013 einen Menschen aus K\u00f6rper, Geist und Seele. Ich unterst\u00fctze Sie dabei, klarer zu sehen und sich und Ihre Mitmenschen besser zu verstehen. Entdecken Sie gemeinsam mit mir Ihre Ziele und steuern Sie auf\u2026","rel":"","context":"\u00c4hnlicher Beitrag","img":{"alt_text":"","src":"","width":0,"height":0},"classes":[]},{"id":232,"url":"https:\/\/coaching-zum-anfassen.com\/?page_id=232","url_meta":{"origin":160,"position":1},"title":"Geschenk","date":"April 15, 2016","format":false,"excerpt":"Dein Kapit\u00e4n und das Meer der Zeit","rel":"","context":"\u00c4hnlicher Beitrag","img":{"alt_text":"","src":"https:\/\/i0.wp.com\/coaching-zum-anfassen.com\/wp-content\/uploads\/2016\/04\/Kompass_XS-225x300.jpg?resize=350%2C200","width":350,"height":200},"classes":[]},{"id":98,"url":"https:\/\/coaching-zum-anfassen.com\/?page_id=98","url_meta":{"origin":160,"position":2},"title":"Privates Coaching","date":"April 3, 2016","format":false,"excerpt":"Innere Balance f\u00fcr Sie Ich unterst\u00fctze Sie zielsicher, l\u00f6sungsorientiert und mit praxisnahen\u00a0Methoden bei folgenden Themen*: In Ihrer pers\u00f6nlichen Entwicklung berufliche und pers\u00f6nliche Standortbestimmung und Neuorientierung Entwicklung und Umsetzung Ihrer individuellen Ziele Entdeckung und Entfaltung Ihrer St\u00e4rken und Potenziale St\u00e4rkung Ihres Selbstvertrauens Verbesserung Ihrer Kommunikation Begleitung in Krisensituationen Vorbereitung f\u00fcr Entscheidungen\u2026","rel":"","context":"\u00c4hnlicher Beitrag","img":{"alt_text":"","src":"","width":0,"height":0},"classes":[]},{"id":211,"url":"https:\/\/coaching-zum-anfassen.com\/?page_id=211","url_meta":{"origin":160,"position":3},"title":"Dein Kapit\u00e4n und das Meer der Zeit","date":"April 14, 2016","format":false,"excerpt":"Genie\u00dfen Sie Ihre Meditation! Oder laden Sie hier Ihre Meditation \"Dein Kapit\u00e4n und das Meer der Zeit\" herunter. Klicken Sie auf den Button \"Meditation abholen\" und danach auf die Schrift \"Dein Kapit\u00e4n\".\u00a0 \u00a0","rel":"","context":"\u00c4hnlicher Beitrag","img":{"alt_text":"","src":"","width":0,"height":0},"classes":[]},{"id":112,"url":"https:\/\/coaching-zum-anfassen.com\/?page_id=112","url_meta":{"origin":160,"position":4},"title":"Coaching auf See","date":"April 3, 2016","format":false,"excerpt":"Coaching auf See Das Meer ist etwas ganz Besonderes f\u00fcr mich. Seit 1989 segle ich\u00a0immer wieder in verschiedensten Revieren der Weltmeere. Die Weite des Meeres erlebe ich\u00a0jedes Mal neu als etwas ganz Besonderes. \u201eLeinen los\u201c bedeutet f\u00fcr mich, bei\u00a0mir selbst anzukommen und alles Andere an Land zur\u00fcck zu lassen. Im\u2026","rel":"","context":"\u00c4hnlicher Beitrag","img":{"alt_text":"Klipper StLucia 2","src":"https:\/\/i0.wp.com\/coaching-zum-anfassen.com\/wp-content\/uploads\/2016\/04\/Klipper-StLucia-2-300x93.jpg?resize=350%2C200","width":350,"height":200},"classes":[]},{"id":101,"url":"https:\/\/coaching-zum-anfassen.com\/?page_id=101","url_meta":{"origin":160,"position":5},"title":"Business Coaching","date":"April 3, 2016","format":false,"excerpt":"Erfolgskurs f\u00fcr Ihr Business Coaching f\u00fcr F\u00fchrungskr\u00e4fte systemische Betrachtung von Beziehungsverh\u00e4ltnissen und Konflikten am Arbeitsplatz ganzheitliches Teambuilding Coaching f\u00fcr\u00a0Mitarbeiter mit besonderen Funktionen, z. B. Schnittstellenfunktion Entwicklung eines wertsch\u00e4tzenden Umgangs miteinander \u00fcber das Erkennen von Pers\u00f6nlichkeitsstrukturen und Werten Begleitung in Ver\u00e4nderungsprozessen Jedes Coaching ist streng vertraulich. Dies gilt selbstverst\u00e4ndlich auch dann,\u2026","rel":"","context":"\u00c4hnlicher Beitrag","img":{"alt_text":"","src":"","width":0,"height":0},"classes":[]}],"_links":{"self":[{"href":"https:\/\/coaching-zum-anfassen.com\/index.php?rest_route=\/wp\/v2\/pages\/160"}],"collection":[{"href":"https:\/\/coaching-zum-anfassen.com\/index.php?rest_route=\/wp\/v2\/pages"}],"about":[{"href":"https:\/\/coaching-zum-anfassen.com\/index.php?rest_route=\/wp\/v2\/types\/page"}],"author":[{"embeddable":true,"href":"https:\/\/coaching-zum-anfassen.com\/index.php?rest_route=\/wp\/v2\/users\/1"}],"replies":[{"embeddable":true,"href":"https:\/\/coaching-zum-anfassen.com\/index.php?rest_route=%2Fwp%2Fv2%2Fcomments&post=160"}],"version-history":[{"count":5,"href":"https:\/\/coaching-zum-anfassen.com\/index.php?rest_route=\/wp\/v2\/pages\/160\/revisions"}],"predecessor-version":[{"id":450,"href":"https:\/\/coaching-zum-anfassen.com\/index.php?rest_route=\/wp\/v2\/pages\/160\/revisions\/450"}],"wp:attachment":[{"href":"https:\/\/coaching-zum-anfassen.com\/index.php?rest_route=%2Fwp%2Fv2%2Fmedia&parent=160"}],"curies":[{"name":"wp","href":"https:\/\/api.w.org\/{rel}","templated":true}]}}