{"id":122,"date":"2016-04-03T14:54:07","date_gmt":"2016-04-03T14:54:07","guid":{"rendered":"http:\/\/coaching-zum-anfassen.com\/?page_id=122"},"modified":"2017-02-21T18:34:44","modified_gmt":"2017-02-21T18:34:44","slug":"agb","status":"publish","type":"page","link":"https:\/\/coaching-zum-anfassen.com\/?page_id=122","title":{"rendered":"AGB"},"content":{"rendered":"<p><strong>Allgemeine Gesch\u00e4ftsbedingungen Coaching zum Anfassen<\/strong><\/p>\n<ol>\n<li><strong> Vertragsgestaltung <\/strong><\/li>\n<\/ol>\n<p>1.1 Der Abschluss von Vertr\u00e4gen zwischen Auftraggeber und Trainer bzw. Coach, im weiteren Verlauf als Trainer bezeichnet, \u00fcber die beiderseitig zu erbringenden Leistungen sowie\u00a0 \u00c4nderungen und\/oder Erg\u00e4nzungen hierzu bed\u00fcrfen der Schriftform.<\/p>\n<p>1.2 Erg\u00e4nzend gelten die vorliegenden Allgemeinen Gesch\u00e4ftsbedingungen f\u00fcr Trainer. Sie sind wesentlicher Bestandteil des Vertrages<\/p>\n<p>1.3. Die vorliegenden Gesch\u00e4ftsbedingungen f\u00fcr Trainer haben Vorrang vor entgegenstehenden Allgemeinen Gesch\u00e4ftsbedingungen des Auftraggebers.<\/p>\n<ol start=\"2\">\n<li><strong> Leistungen des Trainers<\/strong><\/li>\n<\/ol>\n<p>2.1 Der Trainer erbringt seine Dienstleistungen selbst, durch Angestellte und\/oder freie Mitarbeiter.<\/p>\n<p>2.2 Umfang, Form, Thematik und Ziel der Trainingsleistungen werden in dem jeweiligen Vertrag zwischen Auftraggeber und Trainer im Einzelnen festgelegt.<\/p>\n<p>2.3 Der Trainer erbringt Leistungen insbesondere in Form von Trainingsseminaren, Beratungen und Vortr\u00e4gen.<\/p>\n<ol start=\"3\">\n<li><strong> Honorare und Kosten<\/strong><\/li>\n<\/ol>\n<p>3.1 Das erste Kontaktgespr\u00e4ch durch den Trainer ist unentgeltlich.<\/p>\n<p>3.2 Ein Tageshonorar wird je angefangenen Tag f\u00fcr Besprechungen, Analysen, Trainings-vorbereitungen und sonstige Aufgaben, die gemeinsam mit dem Auftraggeber oder Dritten zu realisieren sind, vereinbart.<\/p>\n<p>3.3 F\u00fcr Seminare wird ein Tages- oder Pauschalhonorar vereinbart.<\/p>\n<p>3.4 Reise- und Aufenthaltskosten werden gesondert berechnet.<\/p>\n<p>3.5 Alle Leistungen gelten zuz\u00fcglich der gesetzlichen Mehrwertsteuer.<\/p>\n<ol start=\"4\">\n<li><strong> Sicherung der Leistungen<\/strong><\/li>\n<\/ol>\n<p>4.1 Der Auftraggeber anerkennt das Urheberrecht des Trainers an den von diesem erstellten Werken (Trainingsunterlagen usw.). Eine Vervielf\u00e4ltigung und\/oder Verbreitung der vorgenannten Werke durch den Auftraggeber bedarf der vorherigen schriftlichen Einwilligung des Trainers.<\/p>\n<p>4.2 Der Trainer verpflichtet sich zur Geheimhaltung s\u00e4mtlicher gesch\u00e4ftlich relevanter Vorg\u00e4nge, die ihm durch die Zusammenarbeit mit dem Auftraggeber bekanntgeworden sind.<\/p>\n<p>4.3 Der Trainer trifft die Auswahl von Medienproduzenten, Ger\u00e4teherstellern, Seminarhotels sowie sonstigen Dritten, die vom Trainer zur Durchf\u00fchrung des Auftrages eingesetzt werden. Der Trainer wird deren Auswahl ausschlie\u00dflich im Interesse der bestm\u00f6glichen Durchf\u00fchrung des Auftrages treffen.<br \/>\n4.4 Der Trainer ist berechtigt, seine Dienstleistungen in der Folge auch Mitbewerbern des Auftraggebers anzubieten, sofern nichts anderes vereinbart wurde.<\/p>\n<p>4.5 Kann ein Termin zur Erbringung der Leistung durch den Trainer wegen h\u00f6herer Gewalt, Krankheit, Unfall oder sonstigen vom Trainer nicht zu vertretenden Umst\u00e4nden nicht eingehalten werden, ist der Trainer unter Ausschluss jeglicher Schadenersatzpflichten berechtigt, die Dienstleistungen an einem neu zu vereinbarenden Termin nachzuholen. F\u00fcr Seminare in Verbindung mit Reisen gilt: Kann ein Termin zur Erbringung der Leistung durch den Trainer wegen h\u00f6herer Gewalt, Krankheit, Unfall oder sonstigen vom Trainer nicht zu vertretenden Umst\u00e4nden nicht eingehalten werden so hat der Auftraggeber bzw. Teilnehmer das Recht, die Reise zu einem um die Leistung des Trainers verringerten Preis anzutreten. Ein Anspruch auf Ersatz von Reise- und \u00dcbernachtungskosten sowie Arbeitsausfall besteht nicht.<\/p>\n<p>4.6 Die Stornierung von Einzelcoaching-Terminen seitens des Auftraggebers ist bis zu 24 Stunden vor dem Termin kostenfrei m\u00f6glich. Bei Stornierungen innerhalb von 24 Stunden vor dem Termin werden 80 % des vereinbarten Honorars f\u00e4llig. Bei R\u00fccktritt seitens des Auftraggebers von Seminaren in Verbindung mit Reisen gelten die entsprechenden Bedingungen des Reiseveranstalters.<\/p>\n<ol start=\"5\">\n<li><strong> Versicherungsschutz<\/strong><\/li>\n<\/ol>\n<p>5.1 Training bzw. Coaching ist keine Therapie. Eine normale psychische Belastbarkeit wird vorausgesetzt. Der Auftraggeber \u00fcbernimmt die Verantwortung f\u00fcr sich und seine Handlungen innerhalb und au\u00dferhalb des Trainings bzw. der Sitzungen.<\/p>\n<ol start=\"6\">\n<li><strong> Haftung<\/strong><\/li>\n<\/ol>\n<p>6.1 Die Informationen und Ratschl\u00e4ge bei Seminaren, Beratungs- und Coachingsitzungen sowie in allen Dokumentationen sind von den Referenten, Beratern und Coaches sorgf\u00e4ltig erwogen und gepr\u00fcft. Eine Garantie und eine Haftung durch den Leistungsgeber in jeglicher Form ist ausgeschlossen.<\/p>\n<p>6.2 Die Teilnahme an den Veranstaltungen erfolgt auf eigene Gefahr. Jeder\/jede Teilnehmer\/in ist w\u00e4hrend des Seminars f\u00fcr das, was sie tut, bekommt, gibt und erf\u00e4hrt selbst verantwortlich und sollte sich den Anforderungen des Lehrganges gewachsen f\u00fchlen. Coaching zum Anfassen weist ausdr\u00fccklich darauf hin, dass Sport- und Erlebnisp\u00e4dagogische Veranstaltungen immer einem besonderen Risiko unterliegen. Coaching zum Anfassen haftet nicht f\u00fcr Personen-, Sach- und Verm\u00f6genssch\u00e4den.<\/p>\n<ol start=\"7\">\n<li><strong> Allgemeine Bedingungen<\/strong><\/li>\n<\/ol>\n<p>7.1 Sollten einzelne Bestimmungen des zwischen den Parteien getroffenen Vertrages oder dieser Allgemeinen Gesch\u00e4ftsbedingungen f\u00fcr Trainer unwirksam sein oder werden, wird dadurch die Wirksamkeit der Bedingungen im \u00dcbrigen nicht ber\u00fchrt. Die Parteien werden die Bedingungen alsdann mit einer wirksamen Ersatzregelung durchf\u00fchren, die dem mit der weggefallenen Bestimmung verfolgten Zweck am n\u00e4chsten kommt.<\/p>\n<p>7.2 F\u00fcr diese Bedingungen und ihre Durchf\u00fchrung gilt ausschlie\u00dflich deutsches Recht.<\/p>\n<p>7.3 Ausschlie\u00dflicher Gerichtsstand f\u00fcr alle Anspr\u00fcche aus dem mit diesen Gesch\u00e4ftsbedingungen f\u00fcr Trainer zusammenh\u00e4ngenden Vertrag und diesen Bedingungen ist der Sitz des Trainers.<\/p>\n","protected":false},"excerpt":{"rendered":"<p>Allgemeine Gesch\u00e4ftsbedingungen Coaching zum Anfassen Vertragsgestaltung 1.1 Der Abschluss von Vertr\u00e4gen zwischen Auftraggeber und Trainer bzw. Coach, im weiteren Verlauf als Trainer bezeichnet, \u00fcber die beiderseitig zu erbringenden Leistungen sowie\u00a0 \u00c4nderungen und\/oder Erg\u00e4nzungen hierzu bed\u00fcrfen &hellip; <a href=\"https:\/\/coaching-zum-anfassen.com\/?page_id=122\">Weiterlesen<\/a><\/p>\n","protected":false},"author":1,"featured_media":0,"parent":0,"menu_order":0,"comment_status":"closed","ping_status":"closed","template":"","meta":{"spay_email":""},"jetpack_sharing_enabled":true,"jetpack_shortlink":"https:\/\/wp.me\/P7oQqi-1Y","jetpack-related-posts":[{"id":46,"url":"https:\/\/coaching-zum-anfassen.com\/?page_id=46","url_meta":{"origin":122,"position":0},"title":"Referenzen","date":"April 1, 2016","format":false,"excerpt":"Kundenstimmen Dipl.-Ing. S. aus A.: Frau F\u00fclber gelang es mit Ihrer sympathischen, kompetenten und zielstrebigen Art meinen Horizont zu erweitern, meine Selbstkontrolle zu steigern und auch komplexe Themen einfach darzustellen und auf zu arbeiten. Auch Dritten ist eine positive Ver\u00e4nderung meines Verhaltens aufgefallen, was f\u00fcr mich den Erfolg des Coachings\u2026","rel":"","context":"\u00c4hnlicher Beitrag","img":{"alt_text":"","src":"","width":0,"height":0},"classes":[]},{"id":52,"url":"https:\/\/coaching-zum-anfassen.com\/?page_id=52","url_meta":{"origin":122,"position":1},"title":"\u00dcber mich","date":"April 1, 2016","format":false,"excerpt":"Leben darf Spa\u00df machen - arbeiten auch! Dieser Gedanke pr\u00e4gt meine Arbeit als Coach und nat\u00fcrlich auch mein Leben. Deshalb nehme ich nicht nur beim Segeln Kurs auf Neuland. Mit viel Neugier und Offenheit lasse ich mich immer wieder gerne auf\u00a0neue Menschen, Situationen und L\u00e4nder ein. Dazu geh\u00f6rte unter anderem\u00a0das\u2026","rel":"","context":"\u00c4hnlicher Beitrag","img":{"alt_text":"","src":"","width":0,"height":0},"classes":[]},{"id":112,"url":"https:\/\/coaching-zum-anfassen.com\/?page_id=112","url_meta":{"origin":122,"position":2},"title":"Coaching auf See","date":"April 3, 2016","format":false,"excerpt":"Coaching auf See Das Meer ist etwas ganz Besonderes f\u00fcr mich. Seit 1989 segle ich\u00a0immer wieder in verschiedensten Revieren der Weltmeere. Die Weite des Meeres erlebe ich\u00a0jedes Mal neu als etwas ganz Besonderes. \u201eLeinen los\u201c bedeutet f\u00fcr mich, bei\u00a0mir selbst anzukommen und alles Andere an Land zur\u00fcck zu lassen. Im\u2026","rel":"","context":"\u00c4hnlicher Beitrag","img":{"alt_text":"Klipper StLucia 2","src":"https:\/\/i0.wp.com\/coaching-zum-anfassen.com\/wp-content\/uploads\/2016\/04\/Klipper-StLucia-2-300x93.jpg?resize=350%2C200","width":350,"height":200},"classes":[]},{"id":119,"url":"https:\/\/coaching-zum-anfassen.com\/?page_id=119","url_meta":{"origin":122,"position":3},"title":"Impressum &#038; Datenschutz","date":"April 3, 2016","format":false,"excerpt":"Ansprechpartner und verantwortlich f\u00fcr den Inhalt:Sabine F\u00fclberGoldt\u00e4leweg 1170327 StuttgartTel. +49 160-354 66 54Kontakt Gestaltung und Programmierung:Sabine F\u00fclber Es gilt der Haftungssausschluss \/ Disclaimer Datenschutz Die Betreiber dieser Seiten nehmen den Schutz Ihrer pers\u00f6nlichen Daten sehr ernst. Wir behandeln Ihre personenbezogenen Daten vertraulich und entsprechend der gesetzlichen Datenschutzvorschriften sowie dieser Datenschutzerkl\u00e4rung.\u2026","rel":"","context":"\u00c4hnlicher Beitrag","img":{"alt_text":"","src":"","width":0,"height":0},"classes":[]},{"id":211,"url":"https:\/\/coaching-zum-anfassen.com\/?page_id=211","url_meta":{"origin":122,"position":4},"title":"Dein Kapit\u00e4n und das Meer der Zeit","date":"April 14, 2016","format":false,"excerpt":"Genie\u00dfen Sie Ihre Meditation! Oder laden Sie hier Ihre Meditation \"Dein Kapit\u00e4n und das Meer der Zeit\" herunter. Klicken Sie auf den Button \"Meditation abholen\" und danach auf die Schrift \"Dein Kapit\u00e4n\".\u00a0 \u00a0","rel":"","context":"\u00c4hnlicher Beitrag","img":{"alt_text":"","src":"","width":0,"height":0},"classes":[]},{"id":232,"url":"https:\/\/coaching-zum-anfassen.com\/?page_id=232","url_meta":{"origin":122,"position":5},"title":"Geschenk","date":"April 15, 2016","format":false,"excerpt":"Dein Kapit\u00e4n und das Meer der Zeit","rel":"","context":"\u00c4hnlicher Beitrag","img":{"alt_text":"","src":"https:\/\/i0.wp.com\/coaching-zum-anfassen.com\/wp-content\/uploads\/2016\/04\/Kompass_XS-225x300.jpg?resize=350%2C200","width":350,"height":200},"classes":[]}],"_links":{"self":[{"href":"https:\/\/coaching-zum-anfassen.com\/index.php?rest_route=\/wp\/v2\/pages\/122"}],"collection":[{"href":"https:\/\/coaching-zum-anfassen.com\/index.php?rest_route=\/wp\/v2\/pages"}],"about":[{"href":"https:\/\/coaching-zum-anfassen.com\/index.php?rest_route=\/wp\/v2\/types\/page"}],"author":[{"embeddable":true,"href":"https:\/\/coaching-zum-anfassen.com\/index.php?rest_route=\/wp\/v2\/users\/1"}],"replies":[{"embeddable":true,"href":"https:\/\/coaching-zum-anfassen.com\/index.php?rest_route=%2Fwp%2Fv2%2Fcomments&post=122"}],"version-history":[{"count":4,"href":"https:\/\/coaching-zum-anfassen.com\/index.php?rest_route=\/wp\/v2\/pages\/122\/revisions"}],"predecessor-version":[{"id":425,"href":"https:\/\/coaching-zum-anfassen.com\/index.php?rest_route=\/wp\/v2\/pages\/122\/revisions\/425"}],"wp:attachment":[{"href":"https:\/\/coaching-zum-anfassen.com\/index.php?rest_route=%2Fwp%2Fv2%2Fmedia&parent=122"}],"curies":[{"name":"wp","href":"https:\/\/api.w.org\/{rel}","templated":true}]}}