{"id":119,"date":"2016-04-03T14:44:17","date_gmt":"2016-04-03T14:44:17","guid":{"rendered":"http:\/\/coaching-zum-anfassen.com\/?page_id=119"},"modified":"2022-01-23T11:02:43","modified_gmt":"2022-01-23T11:02:43","slug":"impressum","status":"publish","type":"page","link":"https:\/\/coaching-zum-anfassen.com\/?page_id=119","title":{"rendered":"Impressum &#038; Datenschutz"},"content":{"rendered":"<p><strong>Ansprechpartner und verantwortlich f\u00fcr den Inhalt:<br \/><\/strong>Sabine F\u00fclber<br \/>Goldt\u00e4leweg 11<br \/>70327 Stuttgart<br \/>Tel. +49 160-354 66 54<br \/><a href=\"https:\/\/coaching-zum-anfassen.com\/?page_id=140\" target=\"_blank\" rel=\"noopener\">Kontakt<\/a><\/p>\n<p><strong>Gestaltung und Programmierung:<\/strong><br \/>Sabine F\u00fclber<\/p>\n<p>Es gilt der <a href=\"http:\/\/www.disclaimer.de\/disclaimer.htm?farbe=FFFFFF\/000000\/000000\/000000\" target=\"_blank\" rel=\"noopener\"><u><span style=\"color: #0066cc;\">Haftungssausschluss \/ Disclaimer <\/span><\/u><\/a><\/p>\n\n\n<p><strong>Datenschutz<\/strong><\/p>\n\n\n\n<p>Die Betreiber dieser Seiten nehmen den Schutz Ihrer pers\u00f6nlichen Daten sehr ernst. Wir behandeln Ihre personenbezogenen Daten vertraulich und entsprechend der gesetzlichen Datenschutzvorschriften sowie dieser Datenschutzerkl\u00e4rung.<\/p>\n\n\n\n<p>Die Nutzung unserer Webseite ist in der Regel ohne Angabe personenbezogener Daten m\u00f6glich. Soweit auf unseren Seiten personenbezogene Daten (beispielsweise Name, Anschrift oder E-Mail-Adressen) erhoben werden, erfolgt dies, soweit m\u00f6glich, stets auf freiwilliger Basis. Diese Daten werden ohne Ihre ausdr\u00fcckliche Zustimmung nicht an Dritte weitergegeben.<\/p>\n\n\n\n<p>Wir weisen darauf hin, dass die Daten\u00fcbertragung im Internet (z.B. bei der Kommunikation per E-Mail) Sicherheitsl\u00fccken aufweisen kann. Ein l\u00fcckenloser Schutz der Daten vor dem Zugriff durch Dritte ist nicht m\u00f6glich.<\/p>\n","protected":false},"excerpt":{"rendered":"<p>Ansprechpartner und verantwortlich f\u00fcr den Inhalt:Sabine F\u00fclberGoldt\u00e4leweg 1170327 StuttgartTel. +49 160-354 66 54Kontakt Gestaltung und Programmierung:Sabine F\u00fclber Es gilt der Haftungssausschluss \/ Disclaimer Datenschutz Die Betreiber dieser Seiten nehmen den Schutz Ihrer pers\u00f6nlichen Daten sehr &hellip; <a href=\"https:\/\/coaching-zum-anfassen.com\/?page_id=119\">Weiterlesen<\/a><\/p>\n","protected":false},"author":1,"featured_media":0,"parent":0,"menu_order":0,"comment_status":"closed","ping_status":"closed","template":"","meta":{"spay_email":""},"jetpack_sharing_enabled":true,"jetpack_shortlink":"https:\/\/wp.me\/P7oQqi-1V","jetpack-related-posts":[{"id":46,"url":"https:\/\/coaching-zum-anfassen.com\/?page_id=46","url_meta":{"origin":119,"position":0},"title":"Referenzen","date":"April 1, 2016","format":false,"excerpt":"Kundenstimmen Dipl.-Ing. S. aus A.: Frau F\u00fclber gelang es mit Ihrer sympathischen, kompetenten und zielstrebigen Art meinen Horizont zu erweitern, meine Selbstkontrolle zu steigern und auch komplexe Themen einfach darzustellen und auf zu arbeiten. Auch Dritten ist eine positive Ver\u00e4nderung meines Verhaltens aufgefallen, was f\u00fcr mich den Erfolg des Coachings\u2026","rel":"","context":"\u00c4hnlicher Beitrag","img":{"alt_text":"","src":"","width":0,"height":0},"classes":[]},{"id":52,"url":"https:\/\/coaching-zum-anfassen.com\/?page_id=52","url_meta":{"origin":119,"position":1},"title":"\u00dcber mich","date":"April 1, 2016","format":false,"excerpt":"Leben darf Spa\u00df machen - arbeiten auch! Dieser Gedanke pr\u00e4gt meine Arbeit als Coach und nat\u00fcrlich auch mein Leben. Deshalb nehme ich nicht nur beim Segeln Kurs auf Neuland. Mit viel Neugier und Offenheit lasse ich mich immer wieder gerne auf\u00a0neue Menschen, Situationen und L\u00e4nder ein. Dazu geh\u00f6rte unter anderem\u00a0das\u2026","rel":"","context":"\u00c4hnlicher Beitrag","img":{"alt_text":"","src":"","width":0,"height":0},"classes":[]},{"id":211,"url":"https:\/\/coaching-zum-anfassen.com\/?page_id=211","url_meta":{"origin":119,"position":2},"title":"Dein Kapit\u00e4n und das Meer der Zeit","date":"April 14, 2016","format":false,"excerpt":"Genie\u00dfen Sie Ihre Meditation! Oder laden Sie hier Ihre Meditation \"Dein Kapit\u00e4n und das Meer der Zeit\" herunter. Klicken Sie auf den Button \"Meditation abholen\" und danach auf die Schrift \"Dein Kapit\u00e4n\".\u00a0 \u00a0","rel":"","context":"\u00c4hnlicher Beitrag","img":{"alt_text":"","src":"","width":0,"height":0},"classes":[]},{"id":122,"url":"https:\/\/coaching-zum-anfassen.com\/?page_id=122","url_meta":{"origin":119,"position":3},"title":"AGB","date":"April 3, 2016","format":false,"excerpt":"Allgemeine Gesch\u00e4ftsbedingungen Coaching zum Anfassen Vertragsgestaltung 1.1 Der Abschluss von Vertr\u00e4gen zwischen Auftraggeber und Trainer bzw. Coach, im weiteren Verlauf als Trainer bezeichnet, \u00fcber die beiderseitig zu erbringenden Leistungen sowie\u00a0 \u00c4nderungen und\/oder Erg\u00e4nzungen hierzu bed\u00fcrfen der Schriftform. 1.2 Erg\u00e4nzend gelten die vorliegenden Allgemeinen Gesch\u00e4ftsbedingungen f\u00fcr Trainer. Sie sind wesentlicher Bestandteil\u2026","rel":"","context":"\u00c4hnlicher Beitrag","img":{"alt_text":"","src":"","width":0,"height":0},"classes":[]},{"id":232,"url":"https:\/\/coaching-zum-anfassen.com\/?page_id=232","url_meta":{"origin":119,"position":4},"title":"Geschenk","date":"April 15, 2016","format":false,"excerpt":"Dein Kapit\u00e4n und das Meer der Zeit","rel":"","context":"\u00c4hnlicher Beitrag","img":{"alt_text":"","src":"https:\/\/i0.wp.com\/coaching-zum-anfassen.com\/wp-content\/uploads\/2016\/04\/Kompass_XS-225x300.jpg?resize=350%2C200","width":350,"height":200},"classes":[]},{"id":112,"url":"https:\/\/coaching-zum-anfassen.com\/?page_id=112","url_meta":{"origin":119,"position":5},"title":"Coaching auf See","date":"April 3, 2016","format":false,"excerpt":"Coaching auf See Das Meer ist etwas ganz Besonderes f\u00fcr mich. Seit 1989 segle ich\u00a0immer wieder in verschiedensten Revieren der Weltmeere. Die Weite des Meeres erlebe ich\u00a0jedes Mal neu als etwas ganz Besonderes. \u201eLeinen los\u201c bedeutet f\u00fcr mich, bei\u00a0mir selbst anzukommen und alles Andere an Land zur\u00fcck zu lassen. Im\u2026","rel":"","context":"\u00c4hnlicher Beitrag","img":{"alt_text":"Klipper StLucia 2","src":"https:\/\/i0.wp.com\/coaching-zum-anfassen.com\/wp-content\/uploads\/2016\/04\/Klipper-StLucia-2-300x93.jpg?resize=350%2C200","width":350,"height":200},"classes":[]}],"_links":{"self":[{"href":"https:\/\/coaching-zum-anfassen.com\/index.php?rest_route=\/wp\/v2\/pages\/119"}],"collection":[{"href":"https:\/\/coaching-zum-anfassen.com\/index.php?rest_route=\/wp\/v2\/pages"}],"about":[{"href":"https:\/\/coaching-zum-anfassen.com\/index.php?rest_route=\/wp\/v2\/types\/page"}],"author":[{"embeddable":true,"href":"https:\/\/coaching-zum-anfassen.com\/index.php?rest_route=\/wp\/v2\/users\/1"}],"replies":[{"embeddable":true,"href":"https:\/\/coaching-zum-anfassen.com\/index.php?rest_route=%2Fwp%2Fv2%2Fcomments&post=119"}],"version-history":[{"count":6,"href":"https:\/\/coaching-zum-anfassen.com\/index.php?rest_route=\/wp\/v2\/pages\/119\/revisions"}],"predecessor-version":[{"id":449,"href":"https:\/\/coaching-zum-anfassen.com\/index.php?rest_route=\/wp\/v2\/pages\/119\/revisions\/449"}],"wp:attachment":[{"href":"https:\/\/coaching-zum-anfassen.com\/index.php?rest_route=%2Fwp%2Fv2%2Fmedia&parent=119"}],"curies":[{"name":"wp","href":"https:\/\/api.w.org\/{rel}","templated":true}]}}