{"id":101,"date":"2016-04-03T13:37:32","date_gmt":"2016-04-03T13:37:32","guid":{"rendered":"http:\/\/coaching-zum-anfassen.com\/?page_id=101"},"modified":"2016-04-26T21:14:43","modified_gmt":"2016-04-26T21:14:43","slug":"erfolgskurs-fuer-ihr-business","status":"publish","type":"page","link":"https:\/\/coaching-zum-anfassen.com\/?page_id=101","title":{"rendered":"Business Coaching"},"content":{"rendered":"<p><span style=\"color: #003366;\"><strong>Erfolgskurs f\u00fcr Ihr Business<br \/>\n<\/strong><\/span><\/p>\n<ul>\n<li><span style=\"color: #003366;\">Coaching f\u00fcr F\u00fchrungskr\u00e4fte<\/span><\/li>\n<li><span style=\"color: #003366;\">systemische Betrachtung von Beziehungsverh\u00e4ltnissen und Konflikten am Arbeitsplatz<\/span><\/li>\n<li><span style=\"color: #003366;\">ganzheitliches Teambuilding<\/span><\/li>\n<li><span style=\"color: #003366;\">Coaching f\u00fcr\u00a0Mitarbeiter mit besonderen Funktionen, z. B. Schnittstellenfunktion<\/span><\/li>\n<li><span style=\"color: #003366;\">Entwicklung eines wertsch\u00e4tzenden Umgangs miteinander \u00fcber das Erkennen von Pers\u00f6nlichkeitsstrukturen und Werten<\/span><\/li>\n<li><span style=\"color: #003366;\">Begleitung in Ver\u00e4nderungsprozessen<\/span><\/li>\n<\/ul>\n<p><span style=\"color: #003366;\">Jedes Coaching ist streng vertraulich. Dies gilt selbstverst\u00e4ndlich auch dann, wenn Ihr Arbeitgeber die Kosten tr\u00e4gt.<\/span><\/p>\n<p><span style=\"color: #003366;\">Haben Sie Fragen?\u00a0Vereinbaren Sie einfach ein erstes Gespr\u00e4ch. Kostenlos und unverbindlich.<\/span> <a href=\"https:\/\/coaching-zum-anfassen.com\/?page_id=140\" target=\"_blank\">Kontakt<\/a><\/p>\n","protected":false},"excerpt":{"rendered":"<p>Erfolgskurs f\u00fcr Ihr Business Coaching f\u00fcr F\u00fchrungskr\u00e4fte systemische Betrachtung von Beziehungsverh\u00e4ltnissen und Konflikten am Arbeitsplatz ganzheitliches Teambuilding Coaching f\u00fcr\u00a0Mitarbeiter mit besonderen Funktionen, z. B. Schnittstellenfunktion Entwicklung eines wertsch\u00e4tzenden Umgangs miteinander \u00fcber das Erkennen von Pers\u00f6nlichkeitsstrukturen &hellip; <a href=\"https:\/\/coaching-zum-anfassen.com\/?page_id=101\">Weiterlesen<\/a><\/p>\n","protected":false},"author":1,"featured_media":0,"parent":0,"menu_order":0,"comment_status":"closed","ping_status":"closed","template":"","meta":{"spay_email":""},"jetpack_sharing_enabled":true,"jetpack_shortlink":"https:\/\/wp.me\/P7oQqi-1D","jetpack-related-posts":[{"id":46,"url":"https:\/\/coaching-zum-anfassen.com\/?page_id=46","url_meta":{"origin":101,"position":0},"title":"Referenzen","date":"April 1, 2016","format":false,"excerpt":"Kundenstimmen Dipl.-Ing. S. aus A.: Frau F\u00fclber gelang es mit Ihrer sympathischen, kompetenten und zielstrebigen Art meinen Horizont zu erweitern, meine Selbstkontrolle zu steigern und auch komplexe Themen einfach darzustellen und auf zu arbeiten. Auch Dritten ist eine positive Ver\u00e4nderung meines Verhaltens aufgefallen, was f\u00fcr mich den Erfolg des Coachings\u2026","rel":"","context":"\u00c4hnlicher Beitrag","img":{"alt_text":"","src":"","width":0,"height":0},"classes":[]},{"id":57,"url":"https:\/\/coaching-zum-anfassen.com\/?page_id=57","url_meta":{"origin":101,"position":1},"title":"Coaching zum Anfassen","date":"April 1, 2016","format":false,"excerpt":"Was bedeutet \"Coaching zum Anfassen?\" Als Coach nehme ich Sie als Menschen in Ihrer Ganzheit wahr \u2013 einen Menschen aus K\u00f6rper, Geist und Seele. Ich unterst\u00fctze Sie dabei, klarer zu sehen und sich und Ihre Mitmenschen besser zu verstehen. Entdecken Sie gemeinsam mit mir Ihre Ziele und steuern Sie auf\u2026","rel":"","context":"\u00c4hnlicher Beitrag","img":{"alt_text":"","src":"","width":0,"height":0},"classes":[]},{"id":98,"url":"https:\/\/coaching-zum-anfassen.com\/?page_id=98","url_meta":{"origin":101,"position":2},"title":"Privates Coaching","date":"April 3, 2016","format":false,"excerpt":"Innere Balance f\u00fcr Sie Ich unterst\u00fctze Sie zielsicher, l\u00f6sungsorientiert und mit praxisnahen\u00a0Methoden bei folgenden Themen*: In Ihrer pers\u00f6nlichen Entwicklung berufliche und pers\u00f6nliche Standortbestimmung und Neuorientierung Entwicklung und Umsetzung Ihrer individuellen Ziele Entdeckung und Entfaltung Ihrer St\u00e4rken und Potenziale St\u00e4rkung Ihres Selbstvertrauens Verbesserung Ihrer Kommunikation Begleitung in Krisensituationen Vorbereitung f\u00fcr Entscheidungen\u2026","rel":"","context":"\u00c4hnlicher Beitrag","img":{"alt_text":"","src":"","width":0,"height":0},"classes":[]},{"id":122,"url":"https:\/\/coaching-zum-anfassen.com\/?page_id=122","url_meta":{"origin":101,"position":3},"title":"AGB","date":"April 3, 2016","format":false,"excerpt":"Allgemeine Gesch\u00e4ftsbedingungen Coaching zum Anfassen Vertragsgestaltung 1.1 Der Abschluss von Vertr\u00e4gen zwischen Auftraggeber und Trainer bzw. Coach, im weiteren Verlauf als Trainer bezeichnet, \u00fcber die beiderseitig zu erbringenden Leistungen sowie\u00a0 \u00c4nderungen und\/oder Erg\u00e4nzungen hierzu bed\u00fcrfen der Schriftform. 1.2 Erg\u00e4nzend gelten die vorliegenden Allgemeinen Gesch\u00e4ftsbedingungen f\u00fcr Trainer. Sie sind wesentlicher Bestandteil\u2026","rel":"","context":"\u00c4hnlicher Beitrag","img":{"alt_text":"","src":"","width":0,"height":0},"classes":[]},{"id":62,"url":"https:\/\/coaching-zum-anfassen.com\/?page_id=62","url_meta":{"origin":101,"position":4},"title":"Spektrum","date":"April 1, 2016","format":false,"excerpt":"Coaching zum Anfassen ist f\u00fcr Sie da mit privaten Coachings mit Coaching f\u00fcr Ihr Business mit Workshops mit Coaching auf See.","rel":"","context":"\u00c4hnlicher Beitrag","img":{"alt_text":"","src":"","width":0,"height":0},"classes":[]},{"id":43,"url":"https:\/\/coaching-zum-anfassen.com\/?page_id=43","url_meta":{"origin":101,"position":5},"title":"Was ist Coaching?","date":"April 1, 2016","format":false,"excerpt":"Mit frischem Wind zu neuen Ufern Wenn Sie das Gef\u00fchl haben, nur vor sich hinzud\u00fcmpeln oder wom\u00f6glich den falschen Kurs eingeschlagen zu haben, ist es Zeit, innezuhalten und die Segel neu zu setzen. Zeit f\u00fcr \u201eCoaching zum Anfassen\u201c. Konkrete Beispiele finden Sie in meinem Spektrum. Nat\u00fcrlich ist Coaching in jedem\u2026","rel":"","context":"\u00c4hnlicher Beitrag","img":{"alt_text":"","src":"","width":0,"height":0},"classes":[]}],"_links":{"self":[{"href":"https:\/\/coaching-zum-anfassen.com\/index.php?rest_route=\/wp\/v2\/pages\/101"}],"collection":[{"href":"https:\/\/coaching-zum-anfassen.com\/index.php?rest_route=\/wp\/v2\/pages"}],"about":[{"href":"https:\/\/coaching-zum-anfassen.com\/index.php?rest_route=\/wp\/v2\/types\/page"}],"author":[{"embeddable":true,"href":"https:\/\/coaching-zum-anfassen.com\/index.php?rest_route=\/wp\/v2\/users\/1"}],"replies":[{"embeddable":true,"href":"https:\/\/coaching-zum-anfassen.com\/index.php?rest_route=%2Fwp%2Fv2%2Fcomments&post=101"}],"version-history":[{"count":9,"href":"https:\/\/coaching-zum-anfassen.com\/index.php?rest_route=\/wp\/v2\/pages\/101\/revisions"}],"predecessor-version":[{"id":343,"href":"https:\/\/coaching-zum-anfassen.com\/index.php?rest_route=\/wp\/v2\/pages\/101\/revisions\/343"}],"wp:attachment":[{"href":"https:\/\/coaching-zum-anfassen.com\/index.php?rest_route=%2Fwp%2Fv2%2Fmedia&parent=101"}],"curies":[{"name":"wp","href":"https:\/\/api.w.org\/{rel}","templated":true}]}}